{"id":85,"date":"2023-03-13T08:52:25","date_gmt":"2023-03-13T07:52:25","guid":{"rendered":"https:\/\/www.lisaerneuerbareenergien.de\/?page_id=85"},"modified":"2024-02-02T18:07:01","modified_gmt":"2024-02-02T17:07:01","slug":"wie-alles-begann","status":"publish","type":"page","link":"https:\/\/www.lisaerneuerbareenergien.de\/?page_id=85","title":{"rendered":"Wie alles begann"},"content":{"rendered":"\n<h1 class=\"wp-block-heading\">Dorfregion LISA<\/h1>\n\n\n\n<p class=\"wp-block-paragraph\"><\/p>\n\n\n\n<p class=\"wp-block-paragraph\">Die Dorfregion LISA, bestehend aus den Orten Immensen, Sievershausen und Arpke, ist Teil des nieders\u00e4chsischen Modellvorhabens <strong>Sozialen Dorfentwicklung<\/strong>. Dabei ist auch der Name<strong> LISA<\/strong> = <strong>L<\/strong>ebensort <strong>I<\/strong>mmensen, <strong>S<\/strong>ievershausen, <strong>A<\/strong>rpke entstanden.<\/p>\n\n\n\n<p class=\"wp-block-paragraph\">Seit 2020 konnten in B\u00fcrgerversammlungen und Themenwerkst\u00e4tten St\u00e4rken und Schw\u00e4chen der Dorfregion analysiert, Ziele festgesetzt und Projektideen f\u00fcr die Dorfregion gesammelt werden. \u00dcbergeordnetes Ziel ist es, neben den einzelnen D\u00f6rfern die gesamte Dorfregion zukunftsf\u00e4hig zu gestalten, den d\u00f6rflichen Charakter zu erhalten und das Miteinander zu st\u00e4rken.<\/p>\n\n\n\n<p class=\"wp-block-paragraph\">Zahlreiche Einwohnerinnen und Einwohner haben sich an dem Prozess aktiv beteiligt und ihre Ideen eingebracht. Daraus sind zu verschiedenen Schwerpunkthemen Projektteams entstanden. Das Projektteam Erneuerbare Energien ist eines davon.<\/p>\n\n\n\n<p class=\"wp-block-paragraph\"><\/p>\n\n\n\n<figure class=\"wp-block-table\"><table><tbody><tr><td><strong>Projektteam:<\/strong> Erneuerbare Energien in der Dorfregion<\/td><\/tr><\/tbody><\/table><\/figure>\n\n\n\n<figure class=\"wp-block-table\"><table><tbody><tr><td><strong>Wer sind wir?<\/strong><\/td><\/tr><tr><td><em>Wir sind eine bunt gemischte Gruppe von B\u00fcrger\/innen aus der Dorfregion, die sich Gedanken \u00fcber die M\u00f6glichkeiten des b\u00fcrgernahen Einsatzes erneuerbarer Energien macht. Von ehrenamtlichen Kommunalpolitikern, \u00fcber B\u00fcrger\/innen die bereits \u00fcber Erfahrungen mit Photovoltaik- Anlagen verf\u00fcgen, oder auch einfach interessierten B\u00fcrger\/innen, die die Energiewende aktiv mit vorantreiben wollen. Wir treffen uns in einem unregelm\u00e4\u00dfigen &nbsp;Rhythmus \u2013 meistens dienstags.<\/em><br><\/td><\/tr><tr><td><br><\/td><\/tr><\/tbody><\/table><\/figure>\n\n\n\n<figure class=\"wp-block-table\"><table><tbody><tr><td><strong>Was wollen wir? <\/strong><\/td><\/tr><tr><td><em>Erste Schritte auf dem Weg zur CO2 neutralen Dorfregion, aktive Mitgestaltung der Energiewende.<\/em><br><em>Dabei soll die Soziale Dorfentwicklung im Vordergrund stehen, die am besten mit gemeinschaftlichen und genossenschaftlichen Ans\u00e4tzen erreicht werden kann. Es sollen Beteiligungsmodelle erarbeitet werden, die f\u00fcr jeden B\u00fcrger erschwinglich sind, die es erlauben klimafreundliche Energien zu erzeugen und auch selbst zu nutzen.<\/em><br><em>Pers\u00f6nliche Identifikation mit den jeweiligen Einrichtungen durch Beteiligung schafft Akzeptanz f\u00fcr solche Einrichtungen (z.B. Windr\u00e4der) und erh\u00f6ht die Chance, dem Klimawandel erfolgreich zu begegnen.<\/em><br><br><br><\/td><\/tr><\/tbody><\/table><\/figure>\n\n\n\n<figure class=\"wp-block-table\"><table><tbody><tr><td><strong>Was sind unsere ersten Aktionen? <\/strong><em>Was haben wir bisher gemacht?<\/em><\/td><\/tr><tr><td><em>Zun\u00e4chst haben wir uns einen \u00dcberblick verschafft und verschiedene bereits bestehende Beteiligungsmodelle\/Energiegenossenschaften analysiert. Als besonders interessant erscheinen uns<\/em><br><br><em>&#8211; Nahw\u00e4rmenetze, am Beispiel der Schw\u00fcblingser Energiegenossenschaft<\/em><br><em>&#8211; Photovoltaikanlagen, am Beispiel der Energiegenossenschaft Lehrte- Sehnde<\/em><br><em>&#8211; B\u00fcrger- Windkraftanlagen, am Beispiel der Fa. Windstrom in Eddesse<\/em><br><em>&#8211; E-Carsharing Modelle, am Beispiel der REALWeg Energiegenossenschaft Aller-Leine-Weser in D\u00f6verden und des Dorfstromer-Vereins im Landkreis Stade<\/em><br><br><em>Besuche vor Ort und online-Meetings ergaben einen interessanten Einblick in erfolgreich laufende Projekte, die einen starken Beitrag zur Energiewende liefern k\u00f6nnen.<\/em><br><br><em>Packen wir\u00b4s an!<\/em><br><em>Neue Teammitglieder, die aktiv dabei sein wollen, sind immer herzlich willkommen.<\/em><br><br><br><br><\/td><\/tr><\/tbody><\/table><\/figure>\n","protected":false},"excerpt":{"rendered":"<p>Dorfregion LISA Die Dorfregion LISA, bestehend aus den Orten Immensen, Sievershausen und Arpke, ist Teil des nieders\u00e4chsischen Modellvorhabens Sozialen Dorfentwicklung. Dabei ist [&hellip;]<\/p>\n","protected":false},"author":3,"featured_media":0,"parent":0,"menu_order":0,"comment_status":"closed","ping_status":"closed","template":"page-templates\/page_fullwidth.php","meta":{"_crdt_document":"","footnotes":""},"class_list":["post-85","page","type-page","status-publish","hentry"],"jetpack_sharing_enabled":true,"_links":{"self":[{"href":"https:\/\/www.lisaerneuerbareenergien.de\/index.php?rest_route=\/wp\/v2\/pages\/85","targetHints":{"allow":["GET"]}}],"collection":[{"href":"https:\/\/www.lisaerneuerbareenergien.de\/index.php?rest_route=\/wp\/v2\/pages"}],"about":[{"href":"https:\/\/www.lisaerneuerbareenergien.de\/index.php?rest_route=\/wp\/v2\/types\/page"}],"author":[{"embeddable":true,"href":"https:\/\/www.lisaerneuerbareenergien.de\/index.php?rest_route=\/wp\/v2\/users\/3"}],"replies":[{"embeddable":true,"href":"https:\/\/www.lisaerneuerbareenergien.de\/index.php?rest_route=%2Fwp%2Fv2%2Fcomments&post=85"}],"version-history":[{"count":10,"href":"https:\/\/www.lisaerneuerbareenergien.de\/index.php?rest_route=\/wp\/v2\/pages\/85\/revisions"}],"predecessor-version":[{"id":194,"href":"https:\/\/www.lisaerneuerbareenergien.de\/index.php?rest_route=\/wp\/v2\/pages\/85\/revisions\/194"}],"wp:attachment":[{"href":"https:\/\/www.lisaerneuerbareenergien.de\/index.php?rest_route=%2Fwp%2Fv2%2Fmedia&parent=85"}],"curies":[{"name":"wp","href":"https:\/\/api.w.org\/{rel}","templated":true}]}}