{"id":61,"date":"2023-03-12T17:45:46","date_gmt":"2023-03-12T16:45:46","guid":{"rendered":"https:\/\/www.lisaerneuerbareenergien.de\/?page_id=61"},"modified":"2025-11-01T16:51:14","modified_gmt":"2025-11-01T15:51:14","slug":"ueber-uns","status":"publish","type":"page","link":"https:\/\/www.lisaerneuerbareenergien.de\/?page_id=61","title":{"rendered":"Die Projektgruppe"},"content":{"rendered":"\n<p class=\"wp-block-paragraph\">Die Projektgruppe &#8222;LISA Erneuerbare Energien&#8220; wurde im Rahmen der nieders\u00e4chsischen Sozialen Dorfentwicklung gegr\u00fcndet. Hierbei bedeutet <strong>LISA<\/strong> = <strong>L<\/strong>ebensort <strong>I<\/strong>mmensen, <strong>S<\/strong>ievershausen, <strong>A<\/strong>rpke. <\/p>\n\n\n\n<p class=\"wp-block-paragraph\">Wir sind eine engagierte Gruppe von B\u00fcrgern aus der Dorfregion, die sich Gedanken \u00fcber die M\u00f6glichkeiten des b\u00fcrgernahen Einsatzes erneuerbarer Energien macht. Dies sind erste Schritte auf dem Weg zur CO<sub>2<\/sub> neutralen Dorfregion und eine aktive Mitgestaltung der Energiewende.<\/p>\n\n\n\n<p class=\"wp-block-paragraph\">Dabei soll die Soziale Dorfentwicklung im Vordergrund stehen, was am besten mit gemeinschaftlichen und genossenschaftlichen Ans\u00e4tzen erreicht werden kann. Beteiligungsmodelle, die f\u00fcr jeden B\u00fcrger erschwinglich sind und die es erlauben, klimafreundliche Energien zu erzeugen und auch selbst zu nutzen.<\/p>\n\n\n\n<h2 class=\"wp-block-heading\">Die Projektideen<\/h2>\n\n\n\n<p class=\"wp-block-paragraph\">Dabei hatten wir folgende Projektideen.<\/p>\n\n\n\n<p class=\"wp-block-paragraph\"><u><strong>Nahw\u00e4rmenetz<\/strong><\/u><\/p>\n\n\n\n<p class=\"wp-block-paragraph\">Nutzung der Windenergie von ortsnahen Windparks (Oelerse\/Schw\u00fcblingsen) zur Erzeugung von W\u00e4rme f\u00fcr ein zentrales Dorf-Heizkraftwerk (Quartiersl\u00f6sung). Der Strom steht g\u00fcnstig zur Verf\u00fcgung, wenn bei Strom\u00fcberschuss nicht eingespeist werden kann. Ein isolierter Wasserspeicher wird elektrisch erw\u00e4rmt und versorgt ein Nahw\u00e4rmenetz. Auch hier gibt es mehrere Referenzanlagen.<\/p>\n\n\n\n<p class=\"wp-block-paragraph\">Zur Betreibung eines Dorf-Heizkraftwerks gibt es auch noch alternative Energiequellen.<\/p>\n\n\n\n<ul class=\"wp-block-list\">\n<li>Nutzung der Restw\u00e4rme aus einer dezentralen Wasserstoffproduktion<\/li>\n\n\n\n<li>Nutzung der Erdw\u00e4rme<\/li>\n<\/ul>\n\n\n\n<p class=\"wp-block-paragraph\"><u><strong>B\u00fcrgerwindrad<\/strong><\/u><\/p>\n\n\n\n<p class=\"wp-block-paragraph\">Windenergie ist aktuell der erfolgreichste Weg klimafreundlichen Strom zu erzeugen. Fast 100% CO<sub>2<\/sub> neutral, kosteng\u00fcnstig, hohe Effizienz. Keine Energiewende ohne Wind.<\/p>\n\n\n\n<p class=\"wp-block-paragraph\">Es gibt verschiedene B\u00fcrgerbeteiligungsmodelle mit finanziellen Anreizen\/Aussch\u00fcttungen, auch mit regionalen (B\u00fcrger)Stromtarifen. Eine solche B\u00fcrgerbeteiligung schafft Akzeptanz f\u00fcr die Energiewende vor Ort.<\/p>\n\n\n\n<p class=\"wp-block-paragraph\"><u><strong><a href=\"https:\/\/www.lisaerneuerbareenergien.de\/?page_id=88\">E-Carsharing<\/a><\/strong><\/u><\/p>\n\n\n\n<p class=\"wp-block-paragraph\">E-Carsharing verfolgt das Ziel, eine klimafreundliche M\u00f6glichkeit f\u00fcr die individuelle Mobilit\u00e4t in der Dorfregion Immensen\/Sievershausen\/Arpke zu schaffen. Als Alternative zum Zweitauto wird der CO<sub>2<\/sub>-Fu\u00dfabdruck deutlich reduziert. Die Organisationsstruktur (Verein) f\u00f6rdert zudem den Zusammenhalt in der Dorfregion.<\/p>\n\n\n\n<p class=\"wp-block-paragraph\">Carsharing- oder Mietwagen-Modelle sind in der Stadt in vielen Varianten verf\u00fcgbar, auf dem Lande aber nicht verbreitet, da die Dichte der Kunden fehlt. Deshalb wird ein anderer Ansatz gew\u00e4hlt, das Vereins-Modell.<\/p>\n\n\n\n<h3 class=\"wp-block-heading\">Feldheim in Brandenburg, der Energieautarke Ort<\/h3>\n\n\n\n<p class=\"wp-block-paragraph\"><strong>Exkursion des LISA e.V. am 26.09.25<\/strong><\/p>\n\n\n\n<div class=\"wp-block-media-text is-stacked-on-mobile\" style=\"grid-template-columns:24% auto\"><figure class=\"wp-block-media-text__media\"><img loading=\"lazy\" decoding=\"async\" width=\"611\" height=\"895\" src=\"https:\/\/www.lisaerneuerbareenergien.de\/wp-content\/uploads\/2025\/10\/Feldheim-Ortsschild-1.jpg\" alt=\"\" class=\"wp-image-753 size-full\" srcset=\"https:\/\/www.lisaerneuerbareenergien.de\/wp-content\/uploads\/2025\/10\/Feldheim-Ortsschild-1.jpg 611w, https:\/\/www.lisaerneuerbareenergien.de\/wp-content\/uploads\/2025\/10\/Feldheim-Ortsschild-1-205x300.jpg 205w, https:\/\/www.lisaerneuerbareenergien.de\/wp-content\/uploads\/2025\/10\/Feldheim-Ortsschild-1-230x337.jpg 230w, https:\/\/www.lisaerneuerbareenergien.de\/wp-content\/uploads\/2025\/10\/Feldheim-Ortsschild-1-350x513.jpg 350w, https:\/\/www.lisaerneuerbareenergien.de\/wp-content\/uploads\/2025\/10\/Feldheim-Ortsschild-1-480x703.jpg 480w\" sizes=\"auto, (max-width: 611px) 100vw, 611px\" \/><\/figure><div class=\"wp-block-media-text__content\">\n<p class=\"wp-block-paragraph\">Am 26.09.25 haben wir als Vorstandsmitglieder des LISA e.V. eine Exkursion nach Feldheim in Brandenburg unternommen, ein Ort der sich selbst als Energieautark beschreibt. Angereist sind wir nat\u00fcrlich mit unserem eLISA-Dorfmobil.\u00a0<\/p>\n\n\n\n<p class=\"wp-block-paragraph\">Bei einer Energiewanderung durch den Ort und die Feldmark hat uns Anett Schmidt vom F\u00f6rderverein des Neue-Energien-Forum Feldheim e.V. (NEF) aus erster Hand informiert.<\/p>\n<\/div><\/div>\n\n\n\n<div class=\"wp-block-media-text has-media-on-the-right is-stacked-on-mobile\" style=\"grid-template-columns:auto 40%\"><div class=\"wp-block-media-text__content\">\n<p class=\"wp-block-paragraph\">Kernst\u00fcck ist der Windpark Feldheim mit mittlerweile 55 Windenergieanlagen mit einer Leistung von 123 Megawatt. Ein kleiner Teil des erzeugten Stroms reicht aus, um das ganze Dorf mit 37 Haushalten und 130 Einwohnern in einem separaten Stromnetz zu versorgen. Dabei profitieren die Einwohner von einem sehr niedrigen Strompreis, was nat\u00fcrlich die Akzeptanz f\u00fcr den Windpark stark erh\u00f6ht.<\/p>\n<\/div><figure class=\"wp-block-media-text__media\"><img loading=\"lazy\" decoding=\"async\" width=\"446\" height=\"334\" src=\"https:\/\/www.lisaerneuerbareenergien.de\/wp-content\/uploads\/2025\/10\/Feldheim-22-1.jpg\" alt=\"\" class=\"wp-image-757 size-full\" srcset=\"https:\/\/www.lisaerneuerbareenergien.de\/wp-content\/uploads\/2025\/10\/Feldheim-22-1.jpg 446w, https:\/\/www.lisaerneuerbareenergien.de\/wp-content\/uploads\/2025\/10\/Feldheim-22-1-300x225.jpg 300w, https:\/\/www.lisaerneuerbareenergien.de\/wp-content\/uploads\/2025\/10\/Feldheim-22-1-230x172.jpg 230w, https:\/\/www.lisaerneuerbareenergien.de\/wp-content\/uploads\/2025\/10\/Feldheim-22-1-350x262.jpg 350w\" sizes=\"auto, (max-width: 446px) 100vw, 446px\" \/><\/figure><\/div>\n\n\n\n<p class=\"wp-block-paragraph\">Die W\u00e4rmeenergie kommt von der Biogasanlage der ortsans\u00e4ssigen Agrargenossenschaft Fl\u00e4ming e.G. Die Biogasanlage produziert eine elektrische Leistung von 526 kW und eine W\u00e4rmeleistung von 560 kW. In Spitzenzeiten wird eine Holzhackschnitzelheizung zugeschaltet. Die W\u00e4rmeversorgung der Haushalte in Feldheim erfolgt \u00fcber ein eigens installiertes Nahw\u00e4rmenetz, bei dem die Hausbesitzer, die Agrargenossenschaft und die Stadt Treuenbrietzen Gesellschafter sind.<\/p>\n\n\n\n<div class=\"wp-block-media-text is-stacked-on-mobile\" style=\"grid-template-columns:45% auto\"><figure class=\"wp-block-media-text__media\"><img loading=\"lazy\" decoding=\"async\" width=\"458\" height=\"344\" src=\"https:\/\/www.lisaerneuerbareenergien.de\/wp-content\/uploads\/2025\/10\/Feldheim-14.jpg\" alt=\"\" class=\"wp-image-743 size-full\" srcset=\"https:\/\/www.lisaerneuerbareenergien.de\/wp-content\/uploads\/2025\/10\/Feldheim-14.jpg 458w, https:\/\/www.lisaerneuerbareenergien.de\/wp-content\/uploads\/2025\/10\/Feldheim-14-300x225.jpg 300w, https:\/\/www.lisaerneuerbareenergien.de\/wp-content\/uploads\/2025\/10\/Feldheim-14-230x173.jpg 230w, https:\/\/www.lisaerneuerbareenergien.de\/wp-content\/uploads\/2025\/10\/Feldheim-14-350x263.jpg 350w\" sizes=\"auto, (max-width: 458px) 100vw, 458px\" \/><\/figure><div class=\"wp-block-media-text__content\">\n<p class=\"wp-block-paragraph\">F\u00fcr die \u00d6ffentlichkeitsarbeit wurde eigens das Neue-Energien-Forum Feldheim (NEF) und ein zugeh\u00f6riger F\u00f6rderverein gegr\u00fcndet. In Feldheim ist es gelungen, mit der Strom- und W\u00e4rmeerzeugung vor Ort Energieautark zu werden. Nicht zuletzt ist das Modell auch f\u00fcr die Feldheimer B\u00fcrger finanziell interessant und das positive Image erh\u00f6ht die Akzeptanz f\u00fcr die Energieanlagen vor Ort.<\/p>\n<\/div><\/div>\n\n\n\n<p class=\"wp-block-paragraph\">Das Konzept \u00fcberzeugt in Feldheim, ist aber nicht so einfach auf andere D\u00f6rfer und Regionen \u00fcbertragbar. Insbesondere die direkte Nutzung des lokal erzeugten Stroms vor Ort, sei es durch Windkraft oder Solar, gestaltet sich rechtlich (EEG-Gesetz) und technisch (eigenes Versorgungsnetz) sehr schwierig. In den allermeisten Regionen, wie auch bei uns in Lehrte, profitieren die B\u00fcrger und die Kommunen vor Ort eher indirekt durch die sog. Akzeptanzabgabe der Energieanlagenbetreiber.&nbsp;<\/p>\n\n\n\n<p class=\"wp-block-paragraph\">Weitere Infos unter:<a href=\"https:\/\/nef-feldheim.info\">https:\/\/nef-feldheim.info<\/a><\/p>\n","protected":false},"excerpt":{"rendered":"<p>Die Projektgruppe &#8222;LISA Erneuerbare Energien&#8220; wurde im Rahmen der nieders\u00e4chsischen Sozialen Dorfentwicklung gegr\u00fcndet. Hierbei bedeutet LISA = Lebensort Immensen, Sievershausen, Arpke. Wir [&hellip;]<\/p>\n","protected":false},"author":3,"featured_media":0,"parent":0,"menu_order":0,"comment_status":"closed","ping_status":"closed","template":"page-templates\/page_fullwidth.php","meta":{"_crdt_document":"","footnotes":""},"class_list":["post-61","page","type-page","status-publish","hentry"],"jetpack_sharing_enabled":true,"_links":{"self":[{"href":"https:\/\/www.lisaerneuerbareenergien.de\/index.php?rest_route=\/wp\/v2\/pages\/61","targetHints":{"allow":["GET"]}}],"collection":[{"href":"https:\/\/www.lisaerneuerbareenergien.de\/index.php?rest_route=\/wp\/v2\/pages"}],"about":[{"href":"https:\/\/www.lisaerneuerbareenergien.de\/index.php?rest_route=\/wp\/v2\/types\/page"}],"author":[{"embeddable":true,"href":"https:\/\/www.lisaerneuerbareenergien.de\/index.php?rest_route=\/wp\/v2\/users\/3"}],"replies":[{"embeddable":true,"href":"https:\/\/www.lisaerneuerbareenergien.de\/index.php?rest_route=%2Fwp%2Fv2%2Fcomments&post=61"}],"version-history":[{"count":25,"href":"https:\/\/www.lisaerneuerbareenergien.de\/index.php?rest_route=\/wp\/v2\/pages\/61\/revisions"}],"predecessor-version":[{"id":772,"href":"https:\/\/www.lisaerneuerbareenergien.de\/index.php?rest_route=\/wp\/v2\/pages\/61\/revisions\/772"}],"wp:attachment":[{"href":"https:\/\/www.lisaerneuerbareenergien.de\/index.php?rest_route=%2Fwp%2Fv2%2Fmedia&parent=61"}],"curies":[{"name":"wp","href":"https:\/\/api.w.org\/{rel}","templated":true}]}}