{"id":565,"date":"2024-03-26T22:59:38","date_gmt":"2024-03-26T21:59:38","guid":{"rendered":"https:\/\/www.lisaerneuerbareenergien.de\/?page_id=565"},"modified":"2026-04-25T13:53:46","modified_gmt":"2026-04-25T11:53:46","slug":"565-2","status":"publish","type":"page","link":"https:\/\/www.lisaerneuerbareenergien.de\/?page_id=565","title":{"rendered":""},"content":{"rendered":"\r\n<figure class=\"wp-block-table is-style-stripes\"><table><tbody><tr><td><strong>Einzelentgelte<sup>1,4<\/sup><\/strong><\/td><td><\/td><\/tr><tr><td>Versp\u00e4tete Fahrzeugr\u00fcckgabe:                                    ab 15 Min. Versp\u00e4tung     <br>                                                                           mehr als 30 Min. Versp\u00e4tung&nbsp;       <\/td><td>6,00\u20ac<br>30,00\u20ac<\/td><\/tr><tr><td>H\u00f6chstbetrag Entsch\u00e4digung an Nachnutzer bei versp\u00e4teter R\u00fcckgabe&nbsp;&nbsp;<\/td><td>50,00\u20ac<\/td><\/tr><tr><td>Ladekabel bei R\u00fcckgabe nicht wieder angeschlossen, Ladung nicht gestartet<\/td><td>30,00\u20ac<\/td><\/tr><tr><td>Nichtmelden von Sch\u00e4den<sup>5<\/sup><\/td><td>100,00\u20ac<\/td><\/tr><tr><td>\u00dcberlassung eines Fahrzeugs an nicht Fahrberechtigte<\/td><td>250,00\u20ac<\/td><\/tr><tr><td>Verlust des Autoschl\u00fcssels<\/td><td>200,00\u20ac<\/td><\/tr><tr><td>Bearbeitung von Anzeigen oder Bu\u00dfgeldbescheiden<\/td><td>20,00\u20ac<\/td><\/tr><tr><td>Bearbeitung von Lastschriftr\u00fcckg\u00e4ngen zzgl. anfallender Bankgeb\u00fchren<\/td><td>10,00\u20ac<\/td><\/tr><tr><td>Blockierentgelt f\u00fcr \u201eParken\u201c an \u00f6ffentlichen Lades\u00e4ulen<sup>6<\/sup><br>Bearbeitungsentgelt pro Fall zuz\u00fcglich aller entstandenen Kosten an diesen Lades\u00e4ulen<\/td><td>10,00\u20ac<\/td><\/tr><\/tbody><\/table><\/figure>\r\n\r\n\r\n\r\n<p class=\"wp-block-paragraph\">_________________________________________________________________________________________<br><sup>1 &nbsp;&nbsp;Entgelte werden monatlich per Lastschrift eingezogen.<\/sup><br><sup>4 &nbsp;&nbsp;Diese Entgelte gelten zzgl. eventueller Schadensersatzanspr\u00fcche z.B. bei Missbrauch<br>5 &nbsp;&nbsp;Vorhandene oder selbst verursachte Sch\u00e4den sind unverz\u00fcglich nach Schadensereignis oder Ende der Fahrt per Smartphone-App oder E-Mail zu melden.<br>6&nbsp; &nbsp;Die Betreiber \u00f6ffentlicher Lades\u00e4ulen erheben ein Entgelt, wenn l\u00e4nger an der Lades\u00e4ule geparkt wird als zum Laden des Fahrzeuges n\u00f6tig ist. Nach Beenden des Ladevorganges, sp\u00e4testens jedoch nach der jeweils max. vorgegebenen Zeit, muss das Fahrzeug umgeparkt werden.<\/sup><br><\/p>\r\n","protected":false},"excerpt":{"rendered":"<p>Einzelentgelte1,4 Versp\u00e4tete Fahrzeugr\u00fcckgabe: ab 15 Min. Versp\u00e4tung mehr als 30 Min. Versp\u00e4tung&nbsp; 6,00\u20ac30,00\u20ac H\u00f6chstbetrag Entsch\u00e4digung an Nachnutzer bei versp\u00e4teter R\u00fcckgabe&nbsp;&nbsp; 50,00\u20ac Ladekabel [&hellip;]<\/p>\n","protected":false},"author":3,"featured_media":0,"parent":0,"menu_order":0,"comment_status":"closed","ping_status":"closed","template":"page-templates\/page_fullwidth.php","meta":{"_crdt_document":"{\"document\":\"AAALz9aFtQ8jpviCzgcTCoRBBAIBAgoBDkoAMAECCgJCSgArKAMnAQQAJwAoBCcAKAAnAAcAKAMnACgAJwAoDicAhwAoAycBBAAoACcAIeIaoBpzdGF0ZXZlcnNpb25kb2N1bWVudGRhdGVkb2N1bWVudHNsdWdkb2N1bWVudHN0YXR1c2RvY3VtZW50dGl0bGVkb2N1bWVudGNvbnRlbnQ8IS0tIHdwOnRhYmxlIHsiY2xhc3NOYW1lIjoiaXMtc3R5bGUtc3RyaXBlcyJ9IC0tPg0KPGZpZ3VyZSBjbGFzcz0id3AtYmxvY2stdGFibGUgaXMtc3R5bGUtc3RyaXBlcyI+PHRhYmxlPjx0Ym9keT48dHI+PHRkPjxzdHJvbmc+RWluemVsZW50Z2VsdGU8c3VwPjEsNDwvc3VwPjwvc3Ryb25nPjwvdGQ+PHRkPjwvdGQ+PC90cj48dHI+PHRkPlZlcnNww6R0ZXRlIEZhaHJ6ZXVncsO8Y2tnYWJlOiAgICAgICAgICAgICAgICAgICAgICAgICAgICAgICAgICAgIGFiIDE1IE1pbi4gVmVyc3DDpHR1bmcgICAgIDxicj4gICAgICAgICAgICAgICAgICAgICAgICAgICAgICAgICAgICAgICAgICAgICAgICAgICAgICAgICAgICAgICAgICAgICAgICAgICBtZWhyIGFscyAzMCBNaW4uIFZlcnNww6R0dW5nJm5ic3A7ICAgICAgIDwvdGQ+PHRkPjYsMDDigqw8YnI+MzAsMDDigqw8L3RkPjwvdHI+PHRyPjx0ZD5Iw7ZjaHN0YmV0cmFnIEVudHNjaMOkZGlndW5nIGFuIE5hY2hudXR6ZXIgYmVpIHZlcnNww6R0ZXRlciBSw7xja2dhYmUmbmJzcDsmbmJzcDs8L3RkPjx0ZD41MCwwMOKCrDwvdGQ+PC90cj48dHI+PHRkPkxhZGVrYWJlbCBiZWkgUsO8Y2tnYWJlIG5pY2h0IHdpZWRlciBhbmdlc2NobG9zc2VuLCBMYWR1bmcgbmljaHQgZ2VzdGFydGV0PC90ZD48dGQ+MzAsMDDigqw8L3RkPjwvdHI+PHRyPjx0ZD5OaWNodG1lbGRlbiB2b24gU2Now6RkZW48c3VwPjU8L3N1cD48L3RkPjx0ZD4xMDAsMDDigqw8L3RkPjwvdHI+PHRyPjx0ZD7DnGJlcmxhc3N1bmcgZWluZXMgRmFocnpldWdzIGFuIG5pY2h0IEZhaHJiZXJlY2h0aWd0ZTwvdGQ+PHRkPjI1MCwwMOKCrDwvdGQ+PC90cj48dHI+PHRkPlZlcmx1c3QgZGVzIEF1dG9zY2hsw7xzc2VsczwvdGQ+PHRkPjIwMCwwMOKCrDwvdGQ+PC90cj48dHI+PHRkPkJlYXJiZWl0dW5nIHZvbiBBbnplaWdlbiBvZGVyIEJ1w59nZWxkYmVzY2hlaWRlbjwvdGQ+PHRkPjIwLDAw4oKsPC90ZD48L3RyPjx0cj48dGQ+QmVhcmJlaXR1bmcgdm9uIExhc3RzY2hyaWZ0csO8Y2tnw6RuZ2VuIHp6Z2wuIGFuZmFsbGVuZGVyIEJhbmtnZWLDvGhyZW48L3RkPjx0ZD4xMCwwMOKCrDwvdGQ+PC90cj48dHI+PHRkPkJsb2NraWVyZW50Z2VsdCBmw7xyIOKAnlBhcmtlbuKAnCBhbiDDtmZmZW50bGljaGVuIExhZGVzw6R1bGVuPHN1cD42PC9zdXA+PGJyPkJlYXJiZWl0dW5nc2VudGdlbHQgcHJvIEZhbGwgenV6w7xnbGljaCBhbGxlciBlbnRzdGFuZGVuZW4gS29zdGVuIGFuIGRpZXNlbiBMYWRlc8OkdWxlbjwvdGQ+PHRkPjEwLDAw4oKsPC90ZD48L3RyPjwvdGJvZHk+PC90YWJsZT48L2ZpZ3VyZT4NCjwhLS0gL3dwOnRhYmxlIC0tPg0KDQo8IS0tIHdwOnBhcmFncmFwaCAtLT4NCjxwPl9fX19fX19fX19fX19fX19fX19fX19fX19fX19fX19fX19fX19fX19fX19fX19fX19fX19fX19fX19fX19fX19fX19fX19fX19fX19fX19fX19fX19fX19fPGJyPjxzdXA+MSAmbmJzcDsmbmJzcDtFbnRnZWx0ZSB3ZXJkZW4gbW9uYXRsaWNoIHBlciBMYXN0c2NocmlmdCBlaW5nZXpvZ2VuLjwvc3VwPjxicj48c3VwPjQgJm5ic3A7Jm5ic3A7RGllc2UgRW50Z2VsdGUgZ2VsdGVuIHp6Z2wuIGV2ZW50dWVsbGVyIFNjaGFkZW5zZXJzYXR6YW5zcHLDvGNoZSB6LkIuIGJlaSBNaXNzYnJhdWNoPGJyPjUgJm5ic3A7Jm5ic3A7Vm9yaGFuZGVuZSBvZGVyIHNlbGJzdCB2ZXJ1cnNhY2h0ZSBTY2jDpGRlbiBzaW5kIHVudmVyesO8Z2xpY2ggbmFjaCBTY2hhZGVuc2VyZWlnbmlzIG9kZXIgRW5kZSBkZXIgRmFocnQgcGVyIFNtYXJ0cGhvbmUtQXBwIG9kZXIgRS1NYWlsIHp1IG1lbGRlbi48YnI+NiZuYnNwOyAmbmJzcDtEaWUgQmV0cmVpYmVyIMO2ZmZlbnRsaWNoZXIgTGFkZXPDpHVsZW4gZXJoZWJlbiBlaW4gRW50Z2VsdCwgd2VubiBsw6RuZ2VyIGFuIGRlciBMYWRlc8OkdWxlIGdlcGFya3Qgd2lyZCBhbHMgenVtIExhZGVuIGRlcyBGYWhyemV1Z2VzIG7DtnRpZyBpc3QuIE5hY2ggQmVlbmRlbiBkZXMgTGFkZXZvcmdhbmdlcywgc3DDpHRlc3RlbnMgamVkb2NoIG5hY2ggZGVyIGpld2VpbHMgbWF4LiB2b3JnZWdlYmVuZW4gWmVpdCwgbXVzcyBkYXMgRmFocnpldWcgdW1nZXBhcmt0IHdlcmRlbi48L3N1cD48YnI+PC9wPg0KPCEtLSAvd3A6cGFyYWdyYXBoIC0tPmRvY3VtZW50ZXhjZXJwdGRvY3VtZW50YXV0aG9yZG9jdW1lbnRmZWF0dXJlZF9tZWRpYWRvY3VtZW50Y29tbWVudF9zdGF0dXNkb2N1bWVudHBpbmdfc3RhdHVzZG9jdW1lbnR0ZW1wbGF0ZWRvY3VtZW50bWV0YWZvb3Rub3Rlc2RvY3VtZW50YmxvY2tzY2xpZW50SWRpc1ZhbGlkb3JpZ2luYWxDb250ZW50bmFtZWF0dHJpYnV0ZXNoYXNGaXhlZExheW91dGNhcHRpb25oZWFkYm9keWZvb3Rib3JkZXJDb2xvcmJhY2tncm91bmRDb2xvcnRleHRDb2xvcmdyYWRpZW50YWxpZ25sb2NrYW5jaG9yY2xhc3NOYW1lZm9udEZhbWlseWZvbnRTaXplc3R5bGVtZXRhZGF0YWlubmVyQmxvY2tzY2xpZW50SWRpc1ZhbGlkb3JpZ2luYWxDb250ZW50bmFtZWF0dHJpYnV0ZXNjb250ZW50X19fX19fX19fX19fX19fX19fX19fX19fX19fX19fX19fX19fX19fX19fX19fX19fX19fX19fX19fX19fX19fX19fX19fX19fX19fX19fX19fX19fX19fX188YnI+PHN1cD4xICZuYnNwOyZuYnNwO0VudGdlbHRlIHdlcmRlbiBtb25hdGxpY2ggcGVyIExhc3RzY2hyaWZ0IGVpbmdlem9nZW4uPC9zdXA+PGJyPjxzdXA+NCAmbmJzcDsmbmJzcDtEaWVzZSBFbnRnZWx0ZSBnZWx0ZW4genpnbC4gZXZlbnR1ZWxsZXIgU2NoYWRlbnNlcnNhdHphbnNwcsO8Y2hlIHouQi4gYmVpIE1pc3NicmF1Y2g8YnI+NSAmbmJzcDsmbmJzcDtWb3JoYW5kZW5lIG9kZXIgc2VsYnN0IHZlcnVyc2FjaHRlIFNjaMOkZGVuIHNpbmQgdW52ZXJ6w7xnbGljaCBuYWNoIFNjaGFkZW5zZXJlaWduaXMgb2RlciBFbmRlIGRlciBGYWhydCBwZXIgU21hcnRwaG9uZS1BcHAgb2RlciBFLU1haWwgenUgbWVsZGVuLjxicj42Jm5ic3A7ICZuYnNwO0RpZSBCZXRyZWliZXIgw7ZmZmVudGxpY2hlciBMYWRlc8OkdWxlbiBlcmhlYmVuIGVpbiBFbnRnZWx0LCB3ZW5uIGzDpG5nZXIgYW4gZGVyIExhZGVzw6R1bGUgZ2VwYXJrdCB3aXJkIGFscyB6dW0gTGFkZW4gZGVzIEZhaHJ6ZXVnZXMgbsO2dGlnIGlzdC4gTmFjaCBCZWVuZGVuIGRlcyBMYWRldm9yZ2FuZ2VzLCBzcMOkdGVzdGVucyBqZWRvY2ggbmFjaCBkZXIgamV3ZWlscyBtYXguIHZvcmdlZ2ViZW5lbiBaZWl0LCBtdXNzIGRhcyBGYWhyemV1ZyB1bWdlcGFya3Qgd2VyZGVuLjwvc3VwPjxicj5kcm9wQ2FwaW5uZXJCbG9ja3NzdGF0ZXZlcnNpb24FBwgECAQIBggFCAebIAgHCAYIDggOCAtIAQQJCAYIBw8ECg4HRAELDwkIBQQGCQoIBQgLCAcPBAoHngsHCwUHDQEFAAABBgAAAQAAIAEMQgEBAEEAAgBBAAIAAkEiAjIAfQF3EzIwMjQtMDMtMjZUMjI6NTk6Mzh3BTU2NS0ydwdwdWJsaXNofQN9AHcGY2xvc2VkdwZjbG9zZWR3IXBhZ2UtdGVtcGxhdGVzL3BhZ2VfZnVsbHdpZHRoLnBocHcAdyRlZGY4NTc2NS1iYzUwLTQ3ZjMtYjNjYS05NzdjYTJjYmJlMjV4d+gJPGZpZ3VyZSBjbGFzcz0id3AtYmxvY2stdGFibGUgaXMtc3R5bGUtc3RyaXBlcyI+PHRhYmxlPjx0Ym9keT48dHI+PHRkPjxzdHJvbmc+RWluemVsZW50Z2VsdGU8c3VwPjEsNDwvc3VwPjwvc3Ryb25nPjwvdGQ+PHRkPjwvdGQ+PC90cj48dHI+PHRkPlZlcnNww6R0ZXRlIEZhaHJ6ZXVncsO8Y2tnYWJlOiAgICAgICAgICAgICAgICAgICAgICAgICAgICAgICAgICAgIGFiIDE1IE1pbi4gVmVyc3DDpHR1bmcgICAgIDxicj4gICAgICAgICAgICAgICAgICAgICAgICAgICAgICAgICAgICAgICAgICAgICAgICAgICAgICAgICAgICAgICAgICAgICAgICAgICBtZWhyIGFscyAzMCBNaW4uIFZlcnNww6R0dW5nJm5ic3A7ICAgICAgIDwvdGQ+PHRkPjYsMDDigqw8YnI+MzAsMDDigqw8L3RkPjwvdHI+PHRyPjx0ZD5Iw7ZjaHN0YmV0cmFnIEVudHNjaMOkZGlndW5nIGFuIE5hY2hudXR6ZXIgYmVpIHZlcnNww6R0ZXRlciBSw7xja2dhYmUmbmJzcDsmbmJzcDs8L3RkPjx0ZD41MCwwMOKCrDwvdGQ+PC90cj48dHI+PHRkPkxhZGVrYWJlbCBiZWkgUsO8Y2tnYWJlIG5pY2h0IHdpZWRlciBhbmdlc2NobG9zc2VuLCBMYWR1bmcgbmljaHQgZ2VzdGFydGV0PC90ZD48dGQ+MzAsMDDigqw8L3RkPjwvdHI+PHRyPjx0ZD5OaWNodG1lbGRlbiB2b24gU2Now6RkZW48c3VwPjU8L3N1cD48L3RkPjx0ZD4xMDAsMDDigqw8L3RkPjwvdHI+PHRyPjx0ZD7DnGJlcmxhc3N1bmcgZWluZXMgRmFocnpldWdzIGFuIG5pY2h0IEZhaHJiZXJlY2h0aWd0ZTwvdGQ+PHRkPjI1MCwwMOKCrDwvdGQ+PC90cj48dHI+PHRkPlZlcmx1c3QgZGVzIEF1dG9zY2hsw7xzc2VsczwvdGQ+PHRkPjIwMCwwMOKCrDwvdGQ+PC90cj48dHI+PHRkPkJlYXJiZWl0dW5nIHZvbiBBbnplaWdlbiBvZGVyIEJ1w59nZWxkYmVzY2hlaWRlbjwvdGQ+PHRkPjIwLDAw4oKsPC90ZD48L3RyPjx0cj48dGQ+QmVhcmJlaXR1bmcgdm9uIExhc3RzY2hyaWZ0csO8Y2tnw6RuZ2VuIHp6Z2wuIGFuZmFsbGVuZGVyIEJhbmtnZWLDvGhyZW48L3RkPjx0ZD4xMCwwMOKCrDwvdGQ+PC90cj48dHI+PHRkPkJsb2NraWVyZW50Z2VsdCBmw7xyIOKAnlBhcmtlbuKAnCBhbiDDtmZmZW50bGljaGVuIExhZGVzw6R1bGVuPHN1cD42PC9zdXA+PGJyPkJlYXJiZWl0dW5nc2VudGdlbHQgcHJvIEZhbGwgenV6w7xnbGljaCBhbGxlciBlbnRzdGFuZGVuZW4gS29zdGVuIGFuIGRpZXNlbiBMYWRlc8OkdWxlbjwvdGQ+PHRkPjEwLDAw4oKsPC90ZD48L3RyPjwvdGJvZHk+PC90YWJsZT48L2ZpZ3VyZT53CmNvcmUvdGFibGV5dQB1CnYBBWNlbGxzdQJ2Bgdjb250ZW50dy08c3Ryb25nPkVpbnplbGVudGdlbHRlPHN1cD4xLDQ8L3N1cD48L3N0cm9uZz4DdGFndwJ0ZAVzY29wZX8FYWxpZ25\/B2NvbHNwYW5\/B3Jvd3NwYW5\/dgYHY29udGVudHcAA3RhZ3cCdGQFc2NvcGV\/BWFsaWdufwdjb2xzcGFufwdyb3dzcGFuf3YBBWNlbGxzdQJ2Bgdjb250ZW50d9UBVmVyc3DDpHRldGUgRmFocnpldWdyw7xja2dhYmU6ICAgICAgICAgICAgICAgICAgICAgICAgICAgICAgICAgICAgYWIgMTUgTWluLiBWZXJzcMOkdHVuZyAgICAgPGJyPiAgICAgICAgICAgICAgICAgICAgICAgICAgICAgICAgICAgICAgICAgICAgICAgICAgICAgICAgICAgICAgICAgICAgICAgICAgIG1laHIgYWxzIDMwIE1pbi4gVmVyc3DDpHR1bmcmbmJzcDsgICAgICAgA3RhZ3cCdGQFc2NvcGV\/BWFsaWdufwdjb2xzcGFufwdyb3dzcGFuf3YGB2NvbnRlbnR3EzYsMDDigqw8YnI+MzAsMDDigqwDdGFndwJ0ZAVzY29wZX8FYWxpZ25\/B2NvbHNwYW5\/B3Jvd3NwYW5\/dgEFY2VsbHN1AnYGB2NvbnRlbnR3UUjDtmNoc3RiZXRyYWcgRW50c2Now6RkaWd1bmcgYW4gTmFjaG51dHplciBiZWkgdmVyc3DDpHRldGVyIFLDvGNrZ2FiZSZuYnNwOyZuYnNwOwN0YWd3AnRkBXNjb3BlfwVhbGlnbn8HY29sc3Bhbn8Hcm93c3Bhbn92Bgdjb250ZW50dwg1MCwwMOKCrAN0YWd3AnRkBXNjb3BlfwVhbGlnbn8HY29sc3Bhbn8Hcm93c3Bhbn92AQVjZWxsc3UCdgYHY29udGVudHdKTGFkZWthYmVsIGJlaSBSw7xja2dhYmUgbmljaHQgd2llZGVyIGFuZ2VzY2hsb3NzZW4sIExhZHVuZyBuaWNodCBnZXN0YXJ0ZXQDdGFndwJ0ZAVzY29wZX8FYWxpZ25\/B2NvbHNwYW5\/B3Jvd3NwYW5\/dgYHY29udGVudHcIMzAsMDDigqwDdGFndwJ0ZAVzY29wZX8FYWxpZ25\/B2NvbHNwYW5\/B3Jvd3NwYW5\/dgEFY2VsbHN1AnYGB2NvbnRlbnR3JE5pY2h0bWVsZGVuIHZvbiBTY2jDpGRlbjxzdXA+NTwvc3VwPgN0YWd3AnRkBXNjb3BlfwVhbGlnbn8HY29sc3Bhbn8Hcm93c3Bhbn92Bgdjb250ZW50dwkxMDAsMDDigqwDdGFndwJ0ZAVzY29wZX8FYWxpZ25\/B2NvbHNwYW5\/B3Jvd3NwYW5\/dgEFY2VsbHN1AnYGB2NvbnRlbnR3NcOcYmVybGFzc3VuZyBlaW5lcyBGYWhyemV1Z3MgYW4gbmljaHQgRmFocmJlcmVjaHRpZ3RlA3RhZ3cCdGQFc2NvcGV\/BWFsaWdufwdjb2xzcGFufwdyb3dzcGFuf3YGB2NvbnRlbnR3CTI1MCwwMOKCrAN0YWd3AnRkBXNjb3BlfwVhbGlnbn8HY29sc3Bhbn8Hcm93c3Bhbn92AQVjZWxsc3UCdgYHY29udGVudHcbVmVybHVzdCBkZXMgQXV0b3NjaGzDvHNzZWxzA3RhZ3cCdGQFc2NvcGV\/BWFsaWdufwdjb2xzcGFufwdyb3dzcGFuf3YGB2NvbnRlbnR3CTIwMCwwMOKCrAN0YWd3AnRkBXNjb3BlfwVhbGlnbn8HY29sc3Bhbn8Hcm93c3Bhbn92AQVjZWxsc3UCdgYHY29udGVudHcwQmVhcmJlaXR1bmcgdm9uIEFuemVpZ2VuIG9kZXIgQnXDn2dlbGRiZXNjaGVpZGVuA3RhZ3cCdGQFc2NvcGV\/BWFsaWdufwdjb2xzcGFufwdyb3dzcGFuf3YGB2NvbnRlbnR3CDIwLDAw4oKsA3RhZ3cCdGQFc2NvcGV\/BWFsaWdufwdjb2xzcGFufwdyb3dzcGFuf3YBBWNlbGxzdQJ2Bgdjb250ZW50d0dCZWFyYmVpdHVuZyB2b24gTGFzdHNjaHJpZnRyw7xja2fDpG5nZW4genpnbC4gYW5mYWxsZW5kZXIgQmFua2dlYsO8aHJlbgN0YWd3AnRkBXNjb3BlfwVhbGlnbn8HY29sc3Bhbn8Hcm93c3Bhbn92Bgdjb250ZW50dwgxMCwwMOKCrAN0YWd3AnRkBXNjb3BlfwVhbGlnbn8HY29sc3Bhbn8Hcm93c3Bhbn92AQVjZWxsc3UCdgYHY29udGVudHelAUJsb2NraWVyZW50Z2VsdCBmw7xyIOKAnlBhcmtlbuKAnCBhbiDDtmZmZW50bGljaGVuIExhZGVzw6R1bGVuPHN1cD42PC9zdXA+PGJyPkJlYXJiZWl0dW5nc2VudGdlbHQgcHJvIEZhbGwgenV6w7xnbGljaCBhbGxlciBlbnRzdGFuZGVuZW4gS29zdGVuIGFuIGRpZXNlbiBMYWRlc8OkdWxlbgN0YWd3AnRkBXNjb3BlfwVhbGlnbn8HY29sc3Bhbn8Hcm93c3Bhbn92Bgdjb250ZW50dwgxMCwwMOKCrAN0YWd3AnRkBXNjb3BlfwVhbGlnbn8HY29sc3Bhbn8Hcm93c3Bhbn91AH9\/f39\/f393EGlzLXN0eWxlLXN0cmlwZXN\/f39\/dyRmOWVlODQzYy01OGNmLTQ5MDUtOTVkYi1mNjIyNDUwYjc2NmR4d+4FPHA+X19fX19fX19fX19fX19fX19fX19fX19fX19fX19fX19fX19fX19fX19fX19fX19fX19fX19fX19fX19fX19fX19fX19fX19fX19fX19fX19fX19fX19fX188YnI+PHN1cD4xICZuYnNwOyZuYnNwO0VudGdlbHRlIHdlcmRlbiBtb25hdGxpY2ggcGVyIExhc3RzY2hyaWZ0IGVpbmdlem9nZW4uPC9zdXA+PGJyPjxzdXA+NCAmbmJzcDsmbmJzcDtEaWVzZSBFbnRnZWx0ZSBnZWx0ZW4genpnbC4gZXZlbnR1ZWxsZXIgU2NoYWRlbnNlcnNhdHphbnNwcsO8Y2hlIHouQi4gYmVpIE1pc3NicmF1Y2g8YnI+NSAmbmJzcDsmbmJzcDtWb3JoYW5kZW5lIG9kZXIgc2VsYnN0IHZlcnVyc2FjaHRlIFNjaMOkZGVuIHNpbmQgdW52ZXJ6w7xnbGljaCBuYWNoIFNjaGFkZW5zZXJlaWduaXMgb2RlciBFbmRlIGRlciBGYWhydCBwZXIgU21hcnRwaG9uZS1BcHAgb2RlciBFLU1haWwgenUgbWVsZGVuLjxicj42Jm5ic3A7ICZuYnNwO0RpZSBCZXRyZWliZXIgw7ZmZmVudGxpY2hlciBMYWRlc8OkdWxlbiBlcmhlYmVuIGVpbiBFbnRnZWx0LCB3ZW5uIGzDpG5nZXIgYW4gZGVyIExhZGVzw6R1bGUgZ2VwYXJrdCB3aXJkIGFscyB6dW0gTGFkZW4gZGVzIEZhaHJ6ZXVnZXMgbsO2dGlnIGlzdC4gTmFjaCBCZWVuZGVuIGRlcyBMYWRldm9yZ2FuZ2VzLCBzcMOkdGVzdGVucyBqZWRvY2ggbmFjaCBkZXIgamV3ZWlscyBtYXguIHZvcmdlZ2ViZW5lbiBaZWl0LCBtdXNzIGRhcyBGYWhyemV1ZyB1bWdlcGFya3Qgd2VyZGVuLjwvc3VwPjxicj48L3A+dw5jb3JlL3BhcmFncmFwaHkBAAGmvIHnAwEAAA==\",\"updateId\":678048517}","footnotes":""},"class_list":["post-565","page","type-page","status-publish","hentry"],"jetpack_sharing_enabled":true,"_links":{"self":[{"href":"https:\/\/www.lisaerneuerbareenergien.de\/index.php?rest_route=\/wp\/v2\/pages\/565","targetHints":{"allow":["GET"]}}],"collection":[{"href":"https:\/\/www.lisaerneuerbareenergien.de\/index.php?rest_route=\/wp\/v2\/pages"}],"about":[{"href":"https:\/\/www.lisaerneuerbareenergien.de\/index.php?rest_route=\/wp\/v2\/types\/page"}],"author":[{"embeddable":true,"href":"https:\/\/www.lisaerneuerbareenergien.de\/index.php?rest_route=\/wp\/v2\/users\/3"}],"replies":[{"embeddable":true,"href":"https:\/\/www.lisaerneuerbareenergien.de\/index.php?rest_route=%2Fwp%2Fv2%2Fcomments&post=565"}],"version-history":[{"count":6,"href":"https:\/\/www.lisaerneuerbareenergien.de\/index.php?rest_route=\/wp\/v2\/pages\/565\/revisions"}],"predecessor-version":[{"id":966,"href":"https:\/\/www.lisaerneuerbareenergien.de\/index.php?rest_route=\/wp\/v2\/pages\/565\/revisions\/966"}],"wp:attachment":[{"href":"https:\/\/www.lisaerneuerbareenergien.de\/index.php?rest_route=%2Fwp%2Fv2%2Fmedia&parent=565"}],"curies":[{"name":"wp","href":"https:\/\/api.w.org\/{rel}","templated":true}]}}