{"id":506,"date":"2024-02-28T21:43:48","date_gmt":"2024-02-28T20:43:48","guid":{"rendered":"https:\/\/www.lisaerneuerbareenergien.de\/?page_id=506"},"modified":"2024-05-14T09:01:19","modified_gmt":"2024-05-14T07:01:19","slug":"bedienungsanleitung","status":"publish","type":"page","link":"https:\/\/www.lisaerneuerbareenergien.de\/?page_id=506","title":{"rendered":"Bedienungsanleitung"},"content":{"rendered":"\n<p class=\"wp-block-paragraph\">Ab dem 1.3.2024 steht &#8222;Elisa &#8211; DeinDorfmobil&#8220;, ein VW ID3, an der extra f\u00fcr sie reservierten Ladestation beim EDEKA in Arpke. Alle fahrberechtigten Mitglieder im gemeinn\u00fctzigen Verein &#8222;LISA Erneuerbare Engergien e.V.&#8220; werden als Nutzende in der &#8222;EVEMO&#8220; App eingerichtet. Bei der Ersteinrichtung bekommt man eine Mail zugeschickt mit den Links zu denSmartphone Stores, um sich diese App herunterzzuladen. In der App kann man sich dann ein pers\u00f6nliches Password vergeben indem man auf &#8222;Password vergessen&#8220; klickt. Nun bekommt man noch einen Code zugeschickt, den man in der App eingeben kann. Hat man ein pers\u00f6nliches Kennwort vergeben kann man sich damit in der App anmelden. Schon kann es mit der Buchung losgehen.<\/p>\n\n\n\n<figure class=\"wp-block-video\"><video height=\"1280\" style=\"aspect-ratio: 720 \/ 1280;\" width=\"720\" controls src=\"https:\/\/www.lisaerneuerbareenergien.de\/wp-content\/uploads\/2024\/05\/Anlegen-einer-neuen-Buchung.mp4\"><\/video><\/figure>\n\n\n\n<p class=\"wp-block-paragraph\">Nach der Anmeldung in der App kann man \u00fcber das &#8222;+&#8220; eine neue Buchung anlegen. Nun kann man den Starttag mit Uhrzeit eingeben und das Ende der Buchhung. \u00dcber den &#8222;SUCHEN&#8220; Knopf wird die Verf\u00fcgbarkeit \u00fcberpr\u00fcft. Sollte der Wagen verf\u00fcgbar sein wird das Auto angezeigt und man kann es ausw\u00e4hlen. Es wird noch einmal der Wagen angezeigt. Mit dem &#8222;WEITER&#8220; Button bekommt man eine Zusammenfassung, mit den veraussichtlichen Kosten undkann dann &#8222;KOSTENPFLICHTIG BUCHEN&#8220;. Damit ist die Buchung abgeschlossen und die Buchung steht nun unter &#8222;MEINE BUCHUNGEN&#8220;. Sollte der Wagen nicht verf\u00fcgbar sein kann man \u00fcber den Kalender die Verf\u00fcgbarkeit \u00fcberpr\u00fcfen und die Buchung dementsprechend anpassen.<\/p>\n\n\n\n<figure class=\"wp-block-video\"><video height=\"720\" style=\"aspect-ratio: 1280 \/ 720;\" width=\"1280\" controls src=\"https:\/\/www.lisaerneuerbareenergien.de\/wp-content\/uploads\/2024\/05\/Starten-einer-Buchung.mp4\"><\/video><\/figure>\n\n\n\n<p class=\"wp-block-paragraph\">Ist der Zeitpunkt der Buchung gekommen, so begibt man sich zum Fahrzeug und ruft in der App seine Buchung auf und startet diese. Jetzt gibt es in der App einen Button &#8222;Sch\u00e4den melden&#8220; wo man vor dem Losfahren Sch\u00e4den am Fahrzeug dokumentieren kann. Hat man den Wagen kontrolliert und keine zu dokumentierenden Sch\u00e4den gefunden kann man den Wagen aufschliessen. Jetzt sollte man zuerst das Ladekabel abstecken und wieder zur\u00fcck in die Ladestation einf\u00fchren. Dabei achten, dass das Ladekabel auf dem Haken aufgeh\u00e4ngt wird und nicht auf dem Boden herumliegt. Bitte auch beim Abstecken des Kabels wieder die Ladeklappe schlie\u00dfen.<\/p>\n\n\n\n<p class=\"wp-block-paragraph\">Jetzt kann man schon losfahren. Die Bremse bet\u00e4tigen, die Fahrstufe w\u00e4hlen &#8222;<strong>D<\/strong>rive&#8220;, &#8222;<strong>B<\/strong>reme&#8220; oder &#8222;<strong>R<\/strong>\u00fcckw\u00e4rts&#8220; und los geht die Fahrt. Wenn man die Fahrt unterbrechen will bet\u00e4tigt man die Parkbremse, verl\u00e4sst den Wagen und verriegelt den Wagen in der App.<\/p>\n\n\n\n<figure class=\"wp-block-video\"><video height=\"720\" style=\"aspect-ratio: 1280 \/ 720;\" width=\"1280\" controls src=\"https:\/\/www.lisaerneuerbareenergien.de\/wp-content\/uploads\/2024\/05\/Beenden-einer-Buchung.mp4\"><\/video><\/figure>\n\n\n\n<p class=\"wp-block-paragraph\">M\u00f6chte man den Wagen nach Beendigung der Buchung wieder am EDEKA abstellen, so parkt man wieder r\u00fcckw\u00e4rts auf dem f\u00fcr &#8222;eLISA &#8211; Dein Dorfmobil&#8220; reservierten Parkplatz ein. Im Handschuhfach ist links in einer Schutzh\u00fclle eine Ladekarte. Mit dieser Karte kann man sich an der Ladestation anmelden, dann wird man aufgefordert das Ladekabel anzustecken. Da Ladekontrolle am Auto sollte jetzt von wei\u00df auf gr\u00fcn wechseln. Jetzt muss man die Ladekarte wieder in seine daf\u00fcr vorgesehene Schutzh\u00fclle einstecken. Erst dann kann man die Buchung beenden. Das Fahrtenbuch im Handschuhfach muss nicht mehr ausgef\u00fcllt werden, da die Buchung \u00fcber die App abgerechnet wird. Jetzt kann man den Wagen verlassen und \u00fcber die App die T\u00fcren verriegeln. Erst jetzt kann man die Buchung beenden. Sollte noch irgendwas nicht stimmen bekommt man eine Meldung und muss das dann noch erledigen. Wenn man die Buchung erfolgreich beendet hat, so muss man sich um gar nichts mehr k\u00fcmmern.<\/p>\n\n\n\n<p class=\"wp-block-paragraph\">Der Verrein &#8222;LISA Erneuerbare Energien e.V.&#8220; freut sich auf die n\u00e4chsten Buchungen. <br>Wenn alles gut geklappt hat, sollten sie &#8222;eLISA &#8211; Unser Dorfmobil&#8220; weiteren Interessenten empfehlen.<br>Sollte etwas nicht so toll gewesen sein, informieren sie bitte uns unter <a href=\"mailto:info@lisaerneuerbareenergien.de\">info@lisaerneuerbareenergien.de<\/a> .<\/p>\n","protected":false},"excerpt":{"rendered":"<p>Ab dem 1.3.2024 steht &#8222;Elisa &#8211; DeinDorfmobil&#8220;, ein VW ID3, an der extra f\u00fcr sie reservierten Ladestation beim EDEKA in Arpke. Alle [&hellip;]<\/p>\n","protected":false},"author":3,"featured_media":0,"parent":0,"menu_order":0,"comment_status":"closed","ping_status":"closed","template":"page-templates\/page_front-page.php","meta":{"_crdt_document":"","footnotes":""},"class_list":["post-506","page","type-page","status-publish","hentry"],"jetpack_sharing_enabled":true,"_links":{"self":[{"href":"https:\/\/www.lisaerneuerbareenergien.de\/index.php?rest_route=\/wp\/v2\/pages\/506","targetHints":{"allow":["GET"]}}],"collection":[{"href":"https:\/\/www.lisaerneuerbareenergien.de\/index.php?rest_route=\/wp\/v2\/pages"}],"about":[{"href":"https:\/\/www.lisaerneuerbareenergien.de\/index.php?rest_route=\/wp\/v2\/types\/page"}],"author":[{"embeddable":true,"href":"https:\/\/www.lisaerneuerbareenergien.de\/index.php?rest_route=\/wp\/v2\/users\/3"}],"replies":[{"embeddable":true,"href":"https:\/\/www.lisaerneuerbareenergien.de\/index.php?rest_route=%2Fwp%2Fv2%2Fcomments&post=506"}],"version-history":[{"count":6,"href":"https:\/\/www.lisaerneuerbareenergien.de\/index.php?rest_route=\/wp\/v2\/pages\/506\/revisions"}],"predecessor-version":[{"id":615,"href":"https:\/\/www.lisaerneuerbareenergien.de\/index.php?rest_route=\/wp\/v2\/pages\/506\/revisions\/615"}],"wp:attachment":[{"href":"https:\/\/www.lisaerneuerbareenergien.de\/index.php?rest_route=%2Fwp%2Fv2%2Fmedia&parent=506"}],"curies":[{"name":"wp","href":"https:\/\/api.w.org\/{rel}","templated":true}]}}