{"id":267,"date":"2023-11-15T08:54:18","date_gmt":"2023-11-15T07:54:18","guid":{"rendered":"https:\/\/www.lisaerneuerbareenergien.de\/?page_id=267"},"modified":"2026-01-15T12:30:38","modified_gmt":"2026-01-15T11:30:38","slug":"vorstand","status":"publish","type":"page","link":"https:\/\/www.lisaerneuerbareenergien.de\/?page_id=267","title":{"rendered":"Vorstand"},"content":{"rendered":"\n<p class=\"wp-block-paragraph\">Von den Mitgliedern wurde folgender Vorstand gew\u00e4hlt.<\/p>\n\n\n\n<p class=\"wp-block-paragraph\">1. Vorsitzender: Kurt Nelles<\/p>\n\n\n\n<p class=\"wp-block-paragraph\">2. Vorsitzender: Reinhard Hemker<\/p>\n\n\n\n<p class=\"wp-block-paragraph\">Kassierer: Manfred M\u00fcller-Gransee<\/p>\n\n\n\n<p class=\"wp-block-paragraph\">Schriftf\u00fchrung: Virginia Penrose<\/p>\n\n\n\n<p class=\"wp-block-paragraph\">Beisitzer: Rainer Jendryssek<\/p>\n\n\n\n<p class=\"wp-block-paragraph\">Beisitzer: Alexander M\u00fccher<\/p>\n\n\n\n<p class=\"wp-block-paragraph\">Beisitzer: Bernd Schnelle<\/p>\n\n\n\n<p class=\"wp-block-paragraph\"><\/p>\n","protected":false},"excerpt":{"rendered":"<p>Von den Mitgliedern wurde folgender Vorstand gew\u00e4hlt. 1. Vorsitzender: Kurt Nelles 2. Vorsitzender: Reinhard Hemker Kassierer: Manfred M\u00fcller-Gransee Schriftf\u00fchrung: Virginia Penrose Beisitzer: [&hellip;]<\/p>\n","protected":false},"author":3,"featured_media":0,"parent":0,"menu_order":0,"comment_status":"closed","ping_status":"closed","template":"","meta":{"_crdt_document":"","footnotes":""},"class_list":["post-267","page","type-page","status-publish","hentry"],"jetpack_sharing_enabled":true,"_links":{"self":[{"href":"https:\/\/www.lisaerneuerbareenergien.de\/index.php?rest_route=\/wp\/v2\/pages\/267","targetHints":{"allow":["GET"]}}],"collection":[{"href":"https:\/\/www.lisaerneuerbareenergien.de\/index.php?rest_route=\/wp\/v2\/pages"}],"about":[{"href":"https:\/\/www.lisaerneuerbareenergien.de\/index.php?rest_route=\/wp\/v2\/types\/page"}],"author":[{"embeddable":true,"href":"https:\/\/www.lisaerneuerbareenergien.de\/index.php?rest_route=\/wp\/v2\/users\/3"}],"replies":[{"embeddable":true,"href":"https:\/\/www.lisaerneuerbareenergien.de\/index.php?rest_route=%2Fwp%2Fv2%2Fcomments&post=267"}],"version-history":[{"count":5,"href":"https:\/\/www.lisaerneuerbareenergien.de\/index.php?rest_route=\/wp\/v2\/pages\/267\/revisions"}],"predecessor-version":[{"id":776,"href":"https:\/\/www.lisaerneuerbareenergien.de\/index.php?rest_route=\/wp\/v2\/pages\/267\/revisions\/776"}],"wp:attachment":[{"href":"https:\/\/www.lisaerneuerbareenergien.de\/index.php?rest_route=%2Fwp%2Fv2%2Fmedia&parent=267"}],"curies":[{"name":"wp","href":"https:\/\/api.w.org\/{rel}","templated":true}]}}