{"id":218,"date":"2023-11-12T14:04:47","date_gmt":"2023-11-12T13:04:47","guid":{"rendered":"https:\/\/www.lisaerneuerbareenergien.de\/?page_id=218"},"modified":"2024-03-23T19:19:43","modified_gmt":"2024-03-23T18:19:43","slug":"der-foerderverein","status":"publish","type":"page","link":"https:\/\/www.lisaerneuerbareenergien.de\/?page_id=218","title":{"rendered":"Der Verein"},"content":{"rendered":"\n<p class=\"wp-block-paragraph\">F\u00fcr die Dorfregion Immensen\/Sievershausen\/Arpke haben wir in der B\u00fcrgerversammlung am 14. November 2023 den Verein <strong>\u201eLISA Erneuerbare Energien e.V.\u201c<\/strong> gegr\u00fcndet. 25 Gr\u00fcndungsmitglieder sind dabei, weitere Mitglieder sind herzlich willkommen.<\/p>\n\n\n\n<p class=\"wp-block-paragraph\">Ziele des Vereins sind die <strong>F\u00f6rderung des Umwelt- und Klimaschutzes<\/strong> und die <strong>F\u00f6rderung von Projekten zur Nutzung erneuerbarer Energien in Rahmen der Energiewende<\/strong>. Damit fungiert der<strong> <\/strong>LISA Erneuerbare Energien e.V. auch als Tr\u00e4gerverein f\u00fcr das E-Carsharing in der Dorfregion. <\/p>\n\n\n\n<p class=\"wp-block-paragraph\">Der <span style=\"text-decoration: underline;\"><a href=\"https:\/\/www.lisaerneuerbareenergien.de\/?page_id=436\">Mitgliedsbeitrag<\/a><\/span> f\u00fcr die aktiven Vereinsmitglieder betr\u00e4gt f\u00fcr&nbsp;Einzelpersonen 8\u20ac\/Monat und f\u00fcr Familien\/Haushalte 12\u20ac\/Monat. Auch Firmen und Vereine k\u00f6nnen sich beteiligen, Beitr\u00e4ge nach Absprache. <\/p>\n","protected":false},"excerpt":{"rendered":"<p>F\u00fcr die Dorfregion Immensen\/Sievershausen\/Arpke haben wir in der B\u00fcrgerversammlung am 14. November 2023 den Verein \u201eLISA Erneuerbare Energien e.V.\u201c gegr\u00fcndet. 25 Gr\u00fcndungsmitglieder [&hellip;]<\/p>\n","protected":false},"author":3,"featured_media":0,"parent":0,"menu_order":0,"comment_status":"closed","ping_status":"closed","template":"page-templates\/page_fullwidth.php","meta":{"_crdt_document":"","footnotes":""},"class_list":["post-218","page","type-page","status-publish","hentry"],"jetpack_sharing_enabled":true,"_links":{"self":[{"href":"https:\/\/www.lisaerneuerbareenergien.de\/index.php?rest_route=\/wp\/v2\/pages\/218","targetHints":{"allow":["GET"]}}],"collection":[{"href":"https:\/\/www.lisaerneuerbareenergien.de\/index.php?rest_route=\/wp\/v2\/pages"}],"about":[{"href":"https:\/\/www.lisaerneuerbareenergien.de\/index.php?rest_route=\/wp\/v2\/types\/page"}],"author":[{"embeddable":true,"href":"https:\/\/www.lisaerneuerbareenergien.de\/index.php?rest_route=\/wp\/v2\/users\/3"}],"replies":[{"embeddable":true,"href":"https:\/\/www.lisaerneuerbareenergien.de\/index.php?rest_route=%2Fwp%2Fv2%2Fcomments&post=218"}],"version-history":[{"count":13,"href":"https:\/\/www.lisaerneuerbareenergien.de\/index.php?rest_route=\/wp\/v2\/pages\/218\/revisions"}],"predecessor-version":[{"id":553,"href":"https:\/\/www.lisaerneuerbareenergien.de\/index.php?rest_route=\/wp\/v2\/pages\/218\/revisions\/553"}],"wp:attachment":[{"href":"https:\/\/www.lisaerneuerbareenergien.de\/index.php?rest_route=%2Fwp%2Fv2%2Fmedia&parent=218"}],"curies":[{"name":"wp","href":"https:\/\/api.w.org\/{rel}","templated":true}]}}